{"id":903,"date":"2025-07-27T17:19:24","date_gmt":"2025-07-27T17:19:24","guid":{"rendered":"https:\/\/olalaseracupuncture.com\/?page_id=903"},"modified":"2026-02-14T12:31:36","modified_gmt":"2026-02-14T12:31:36","slug":"our-courses","status":"publish","type":"page","link":"https:\/\/olalaseracupuncture.com\/es\/our-courses\/","title":{"rendered":"Nuestros cursos"},"content":{"rendered":"<div data-elementor-type=\"wp-page\" data-elementor-id=\"903\" class=\"elementor elementor-903\" data-elementor-post-type=\"page\">\n\t\t\t\t<div class=\"elementor-element elementor-element-74b97db e-flex e-con-boxed e-con e-parent\" data-id=\"74b97db\" data-element_type=\"container\" data-e-type=\"container\">\n\t\t\t\t\t<div class=\"e-con-inner\">\n\t\t\t\t<div class=\"elementor-element elementor-element-c0454cd elementor-widget elementor-widget-heading\" data-id=\"c0454cd\" data-element_type=\"widget\" data-e-type=\"widget\" data-widget_type=\"heading.default\">\n\t\t\t\t<div class=\"elementor-widget-container\">\n\t\t\t\t\t<h2 class=\"elementor-heading-title elementor-size-default\">Nuestros cursos<\/h2>\t\t\t\t<\/div>\n\t\t\t\t<\/div>\n\t\t\t\t\t<\/div>\n\t\t\t\t<\/div>\n\t\t<div class=\"elementor-element elementor-element-69ccdebe e-flex e-con-boxed e-con e-parent\" data-id=\"69ccdebe\" data-element_type=\"container\" data-e-type=\"container\" data-settings=\"{&quot;background_background&quot;:&quot;classic&quot;}\">\n\t\t\t\t\t<div class=\"e-con-inner\">\n\t\t<div class=\"elementor-element elementor-element-4c8ffc47 e-con-full e-flex e-con e-child\" data-id=\"4c8ffc47\" data-element_type=\"container\" data-e-type=\"container\" data-settings=\"{&quot;background_background&quot;:&quot;classic&quot;}\">\n\t\t\t\t<div class=\"elementor-element elementor-element-66cb0b6a elementor-widget elementor-widget-image\" data-id=\"66cb0b6a\" data-element_type=\"widget\" data-e-type=\"widget\" data-widget_type=\"image.default\">\n\t\t\t\t<div class=\"elementor-widget-container\">\n\t\t\t\t\t\t\t\t\t\t\t\t<figure class=\"wp-caption\">\n\t\t\t\t\t\t\t\t\t\t\t<a href=\"https:\/\/olalaseracupuncture.com\/es\/auriculotherapy-ear-map-masterclass\/\">\n\t\t\t\t\t\t\t<img fetchpriority=\"high\" decoding=\"async\" width=\"300\" height=\"300\" src=\"https:\/\/olalaseracupuncture.com\/wp-content\/uploads\/2025\/06\/Auricular-Point-Map-Clinical-Functions-1.png\" class=\"attachment-large size-large wp-image-331\" alt=\"Auricular Point Map &amp; Clinical Functions (1)\" srcset=\"https:\/\/olalaseracupuncture.com\/wp-content\/uploads\/2025\/06\/Auricular-Point-Map-Clinical-Functions-1.png 300w, https:\/\/olalaseracupuncture.com\/wp-content\/uploads\/2025\/06\/Auricular-Point-Map-Clinical-Functions-1-150x150.png 150w, https:\/\/olalaseracupuncture.com\/wp-content\/uploads\/2025\/06\/Auricular-Point-Map-Clinical-Functions-1-100x100.png 100w\" sizes=\"(max-width: 300px) 100vw, 300px\" \/>\t\t\t\t\t\t\t\t<\/a>\n\t\t\t\t\t\t\t\t\t\t\t<figcaption class=\"widget-image-caption wp-caption-text\">Ear Map Masterclass \u2013 Curso en V\u00eddeo<\/figcaption>\n\t\t\t\t\t\t\t\t\t\t<\/figure>\n\t\t\t\t\t\t\t\t\t<\/div>\n\t\t\t\t<\/div>\n\t\t\t\t<\/div>\n\t\t<div class=\"elementor-element elementor-element-5e9be26b e-con-full e-flex e-con e-child\" data-id=\"5e9be26b\" data-element_type=\"container\" data-e-type=\"container\" data-settings=\"{&quot;background_background&quot;:&quot;classic&quot;}\">\n\t\t\t\t<div class=\"elementor-element elementor-element-1e01a352 elementor-widget elementor-widget-image\" data-id=\"1e01a352\" data-element_type=\"widget\" data-e-type=\"widget\" data-widget_type=\"image.default\">\n\t\t\t\t<div class=\"elementor-widget-container\">\n\t\t\t\t\t\t\t\t\t\t\t\t<figure class=\"wp-caption\">\n\t\t\t\t\t\t\t\t\t\t\t<a href=\"https:\/\/olalaseracupuncture.com\/es\/laser-therapy-course\/\">\n\t\t\t\t\t\t\t<img decoding=\"async\" width=\"300\" height=\"300\" src=\"https:\/\/olalaseracupuncture.com\/wp-content\/uploads\/2025\/06\/Auricular-Point-Map-Clinical-Functions-2.png\" class=\"attachment-large size-large wp-image-333\" alt=\"2-day hands-on laser therapy training\" srcset=\"https:\/\/olalaseracupuncture.com\/wp-content\/uploads\/2025\/06\/Auricular-Point-Map-Clinical-Functions-2.png 300w, https:\/\/olalaseracupuncture.com\/wp-content\/uploads\/2025\/06\/Auricular-Point-Map-Clinical-Functions-2-150x150.png 150w, https:\/\/olalaseracupuncture.com\/wp-content\/uploads\/2025\/06\/Auricular-Point-Map-Clinical-Functions-2-100x100.png 100w\" sizes=\"(max-width: 300px) 100vw, 300px\" \/>\t\t\t\t\t\t\t\t<\/a>\n\t\t\t\t\t\t\t\t\t\t\t<figcaption class=\"widget-image-caption wp-caption-text\">M\u00e1ster en Terapia L\u00e1ser y VAS<\/figcaption>\n\t\t\t\t\t\t\t\t\t\t<\/figure>\n\t\t\t\t\t\t\t\t\t<\/div>\n\t\t\t\t<\/div>\n\t\t\t\t<\/div>\n\t\t<div class=\"elementor-element elementor-element-133f8ff0 e-con-full e-flex e-con e-child\" data-id=\"133f8ff0\" data-element_type=\"container\" data-e-type=\"container\" data-settings=\"{&quot;background_background&quot;:&quot;classic&quot;}\">\n\t\t\t\t<div class=\"elementor-element elementor-element-16197d66 elementor-widget elementor-widget-image\" data-id=\"16197d66\" data-element_type=\"widget\" data-e-type=\"widget\" data-widget_type=\"image.default\">\n\t\t\t\t<div class=\"elementor-widget-container\">\n\t\t\t\t\t\t\t\t\t\t\t\t<figure class=\"wp-caption\">\n\t\t\t\t\t\t\t\t\t\t\t<a href=\"https:\/\/olalaseracupuncture.com\/es\/german-auricular-medicine-pre-assessment\/\">\n\t\t\t\t\t\t\t<img decoding=\"async\" width=\"300\" height=\"300\" src=\"https:\/\/olalaseracupuncture.com\/wp-content\/uploads\/2025\/08\/Untitled-design-1.jpg\" class=\"attachment-large size-large wp-image-1214\" alt=\"Auricular Medicine Pre-Assessment Course\" srcset=\"https:\/\/olalaseracupuncture.com\/wp-content\/uploads\/2025\/08\/Untitled-design-1.jpg 300w, https:\/\/olalaseracupuncture.com\/wp-content\/uploads\/2025\/08\/Untitled-design-1-150x150.jpg 150w, https:\/\/olalaseracupuncture.com\/wp-content\/uploads\/2025\/08\/Untitled-design-1-100x100.jpg 100w\" sizes=\"(max-width: 300px) 100vw, 300px\" \/>\t\t\t\t\t\t\t\t<\/a>\n\t\t\t\t\t\t\t\t\t\t\t<figcaption class=\"widget-image-caption wp-caption-text\">Evaluaci\u00f3n Previa en Medicina Auricular Alemana<\/figcaption>\n\t\t\t\t\t\t\t\t\t\t<\/figure>\n\t\t\t\t\t\t\t\t\t<\/div>\n\t\t\t\t<\/div>\n\t\t\t\t<\/div>\n\t\t<div class=\"elementor-element elementor-element-726df81f e-con-full e-flex e-con e-child\" data-id=\"726df81f\" data-element_type=\"container\" data-e-type=\"container\" data-settings=\"{&quot;background_background&quot;:&quot;classic&quot;}\">\n\t\t\t\t<div class=\"elementor-element elementor-element-8efddfd elementor-widget elementor-widget-image\" data-id=\"8efddfd\" data-element_type=\"widget\" data-e-type=\"widget\" data-widget_type=\"image.default\">\n\t\t\t\t<div class=\"elementor-widget-container\">\n\t\t\t\t\t\t\t\t\t\t\t\t<figure class=\"wp-caption\">\n\t\t\t\t\t\t\t\t\t\t\t<a href=\"https:\/\/olalaseracupuncture.com\/es\/curso-formacion-laser-terapeutico\/\">\n\t\t\t\t\t\t\t<img loading=\"lazy\" decoding=\"async\" width=\"300\" height=\"300\" src=\"https:\/\/olalaseracupuncture.com\/wp-content\/uploads\/2026\/02\/Untitled-design-7.png\" class=\"attachment-large size-large wp-image-2182\" alt=\"Forma\u00e7\u00e3o Online em Laserterapia para Terapeutas\" srcset=\"https:\/\/olalaseracupuncture.com\/wp-content\/uploads\/2026\/02\/Untitled-design-7.png 300w, https:\/\/olalaseracupuncture.com\/wp-content\/uploads\/2026\/02\/Untitled-design-7-150x150.png 150w, https:\/\/olalaseracupuncture.com\/wp-content\/uploads\/2026\/02\/Untitled-design-7-12x12.png 12w, https:\/\/olalaseracupuncture.com\/wp-content\/uploads\/2026\/02\/Untitled-design-7-100x100.png 100w, https:\/\/olalaseracupuncture.com\/wp-content\/uploads\/2026\/02\/Untitled-design-7-50x50.png 50w\" sizes=\"(max-width: 300px) 100vw, 300px\" \/>\t\t\t\t\t\t\t\t<\/a>\n\t\t\t\t\t\t\t\t\t\t\t<figcaption class=\"widget-image-caption wp-caption-text\">curso formaci\u00f3n l\u00e1ser terap\u00e9utico<\/figcaption>\n\t\t\t\t\t\t\t\t\t\t<\/figure>\n\t\t\t\t\t\t\t\t\t<\/div>\n\t\t\t\t<\/div>\n\t\t\t\t<\/div>\n\t\t<div class=\"elementor-element elementor-element-640d69b3 e-con-full e-flex e-con e-child\" data-id=\"640d69b3\" data-element_type=\"container\" data-e-type=\"container\" data-settings=\"{&quot;background_background&quot;:&quot;classic&quot;}\">\n\t\t\t\t<div class=\"elementor-element elementor-element-1c0d4a83 elementor-widget elementor-widget-image\" data-id=\"1c0d4a83\" data-element_type=\"widget\" data-e-type=\"widget\" data-widget_type=\"image.default\">\n\t\t\t\t<div class=\"elementor-widget-container\">\n\t\t\t\t\t\t\t\t\t\t\t\t<figure class=\"wp-caption\">\n\t\t\t\t\t\t\t\t\t\t\t<a href=\"https:\/\/olalaseracupuncture.com\/es\/laser-therapy-course-2\/\">\n\t\t\t\t\t\t\t<img loading=\"lazy\" decoding=\"async\" width=\"300\" height=\"300\" src=\"https:\/\/olalaseracupuncture.com\/wp-content\/uploads\/2026\/02\/Untitled-design-7.png\" class=\"attachment-large size-large wp-image-2182\" alt=\"Forma\u00e7\u00e3o Online em Laserterapia para Terapeutas\" srcset=\"https:\/\/olalaseracupuncture.com\/wp-content\/uploads\/2026\/02\/Untitled-design-7.png 300w, https:\/\/olalaseracupuncture.com\/wp-content\/uploads\/2026\/02\/Untitled-design-7-150x150.png 150w, https:\/\/olalaseracupuncture.com\/wp-content\/uploads\/2026\/02\/Untitled-design-7-12x12.png 12w, https:\/\/olalaseracupuncture.com\/wp-content\/uploads\/2026\/02\/Untitled-design-7-100x100.png 100w, https:\/\/olalaseracupuncture.com\/wp-content\/uploads\/2026\/02\/Untitled-design-7-50x50.png 50w\" sizes=\"(max-width: 300px) 100vw, 300px\" \/>\t\t\t\t\t\t\t\t<\/a>\n\t\t\t\t\t\t\t\t\t\t\t<figcaption class=\"widget-image-caption wp-caption-text\">online laser therapy course for therapists<\/figcaption>\n\t\t\t\t\t\t\t\t\t\t<\/figure>\n\t\t\t\t\t\t\t\t\t<\/div>\n\t\t\t\t<\/div>\n\t\t\t\t<\/div>\n\t\t<div class=\"elementor-element elementor-element-6fc0cce8 e-con-full e-flex e-con e-child\" data-id=\"6fc0cce8\" data-element_type=\"container\" data-e-type=\"container\" data-settings=\"{&quot;background_background&quot;:&quot;classic&quot;}\">\n\t\t\t\t<div class=\"elementor-element elementor-element-702aa520 elementor-widget elementor-widget-image\" data-id=\"702aa520\" data-element_type=\"widget\" data-e-type=\"widget\" data-widget_type=\"image.default\">\n\t\t\t\t<div class=\"elementor-widget-container\">\n\t\t\t\t\t\t\t\t\t\t\t\t<figure class=\"wp-caption\">\n\t\t\t\t\t\t\t\t\t\t\t<a href=\"https:\/\/olalaseracupuncture.com\/es\/curso-de-laserterapia\/\">\n\t\t\t\t\t\t\t<img loading=\"lazy\" decoding=\"async\" width=\"300\" height=\"300\" src=\"https:\/\/olalaseracupuncture.com\/wp-content\/uploads\/2026\/02\/Untitled-design-7.png\" class=\"attachment-large size-large wp-image-2182\" alt=\"Forma\u00e7\u00e3o Online em Laserterapia para Terapeutas\" srcset=\"https:\/\/olalaseracupuncture.com\/wp-content\/uploads\/2026\/02\/Untitled-design-7.png 300w, https:\/\/olalaseracupuncture.com\/wp-content\/uploads\/2026\/02\/Untitled-design-7-150x150.png 150w, https:\/\/olalaseracupuncture.com\/wp-content\/uploads\/2026\/02\/Untitled-design-7-12x12.png 12w, https:\/\/olalaseracupuncture.com\/wp-content\/uploads\/2026\/02\/Untitled-design-7-100x100.png 100w, https:\/\/olalaseracupuncture.com\/wp-content\/uploads\/2026\/02\/Untitled-design-7-50x50.png 50w\" sizes=\"(max-width: 300px) 100vw, 300px\" \/>\t\t\t\t\t\t\t\t<\/a>\n\t\t\t\t\t\t\t\t\t\t\t<figcaption class=\"widget-image-caption wp-caption-text\">Forma\u00e7\u00e3o Online em Laserterapia para Terapeutas<\/figcaption>\n\t\t\t\t\t\t\t\t\t\t<\/figure>\n\t\t\t\t\t\t\t\t\t<\/div>\n\t\t\t\t<\/div>\n\t\t\t\t<\/div>\n\t\t\t\t\t<\/div>\n\t\t\t\t<\/div>\n\t\t<div class=\"elementor-element elementor-element-b871217 e-flex e-con-boxed e-con e-parent\" data-id=\"b871217\" data-element_type=\"container\" data-e-type=\"container\">\n\t\t\t\t\t<div class=\"e-con-inner\">\n\t\t\t\t<div class=\"elementor-element elementor-element-4e68acb9 elementor-widget__width-initial elementor-widget elementor-widget-image\" data-id=\"4e68acb9\" data-element_type=\"widget\" data-e-type=\"widget\" data-widget_type=\"image.default\">\n\t\t\t\t<div class=\"elementor-widget-container\">\n\t\t\t\t\t\t\t\t\t\t\t\t<figure class=\"wp-caption\">\n\t\t\t\t\t\t\t\t\t\t\t<a href=\"https:\/\/olalaseracupuncture.com\/es\/master-tungs-acupuncture-method-live-online-course\/\">\n\t\t\t\t\t\t\t<img loading=\"lazy\" decoding=\"async\" width=\"300\" height=\"300\" src=\"https:\/\/olalaseracupuncture.com\/wp-content\/uploads\/2025\/07\/Master-Tungs-Acupuncture-Method.png\" class=\"attachment-large size-large wp-image-919\" alt=\"Master Tung\u2019s Acupuncture Method\" srcset=\"https:\/\/olalaseracupuncture.com\/wp-content\/uploads\/2025\/07\/Master-Tungs-Acupuncture-Method.png 300w, https:\/\/olalaseracupuncture.com\/wp-content\/uploads\/2025\/07\/Master-Tungs-Acupuncture-Method-150x150.png 150w, https:\/\/olalaseracupuncture.com\/wp-content\/uploads\/2025\/07\/Master-Tungs-Acupuncture-Method-100x100.png 100w\" sizes=\"(max-width: 300px) 100vw, 300px\" \/>\t\t\t\t\t\t\t\t<\/a>\n\t\t\t\t\t\t\t\t\t\t\t<figcaption class=\"widget-image-caption wp-caption-text\">Acupuncture for Lower Back Pain and Lumbar Disc Herniations \u2013 Master Tung\u2019s Acupuncture Method<\/figcaption>\n\t\t\t\t\t\t\t\t\t\t<\/figure>\n\t\t\t\t\t\t\t\t\t<\/div>\n\t\t\t\t<\/div>\n\t\t\t\t\t<\/div>\n\t\t\t\t<\/div>\n\t\t\t\t<\/div>","protected":false},"excerpt":{"rendered":"<p>Our Courses. Ear Map Masterclass \u2013 Video Course Master Laser Therapy &amp; VAS German Auricular Medicine Pre-Assessment curso formaci\u00f3n l\u00e1ser [&hellip;]<\/p>\n","protected":false},"author":1,"featured_media":0,"parent":0,"menu_order":0,"comment_status":"closed","ping_status":"closed","template":"elementor_canvas","meta":{"site-sidebar-layout":"no-sidebar","site-content-layout":"","ast-site-content-layout":"full-width-container","site-content-style":"default","site-sidebar-style":"default","ast-global-header-display":"","ast-banner-title-visibility":"","ast-main-header-display":"","ast-hfb-above-header-display":"","ast-hfb-below-header-display":"","ast-hfb-mobile-header-display":"","site-post-title":"disabled","ast-breadcrumbs-content":"","ast-featured-img":"disabled","footer-sml-layout":"","ast-disable-related-posts":"","theme-transparent-header-meta":"","adv-header-id-meta":"","stick-header-meta":"","header-above-stick-meta":"","header-main-stick-meta":"","header-below-stick-meta":"","astra-migrate-meta-layouts":"default","ast-page-background-enabled":"default","ast-page-background-meta":{"desktop":{"background-color":"var(--ast-global-color-5)","background-image":"","background-repeat":"repeat","background-position":"center center","background-size":"auto","background-attachment":"scroll","background-type":"","background-media":"","overlay-type":"","overlay-color":"","overlay-opacity":"","overlay-gradient":""},"tablet":{"background-color":"","background-image":"","background-repeat":"repeat","background-position":"center center","background-size":"auto","background-attachment":"scroll","background-type":"","background-media":"","overlay-type":"","overlay-color":"","overlay-opacity":"","overlay-gradient":""},"mobile":{"background-color":"","background-image":"","background-repeat":"repeat","background-position":"center center","background-size":"auto","background-attachment":"scroll","background-type":"","background-media":"","overlay-type":"","overlay-color":"","overlay-opacity":"","overlay-gradient":""}},"ast-content-background-meta":{"desktop":{"background-color":"var(--ast-global-color-4)","background-image":"","background-repeat":"repeat","background-position":"center center","background-size":"auto","background-attachment":"scroll","background-type":"","background-media":"","overlay-type":"","overlay-color":"","overlay-opacity":"","overlay-gradient":""},"tablet":{"background-color":"var(--ast-global-color-4)","background-image":"","background-repeat":"repeat","background-position":"center center","background-size":"auto","background-attachment":"scroll","background-type":"","background-media":"","overlay-type":"","overlay-color":"","overlay-opacity":"","overlay-gradient":""},"mobile":{"background-color":"var(--ast-global-color-4)","background-image":"","background-repeat":"repeat","background-position":"center center","background-size":"auto","background-attachment":"scroll","background-type":"","background-media":"","overlay-type":"","overlay-color":"","overlay-opacity":"","overlay-gradient":""}},"footnotes":""},"class_list":["post-903","page","type-page","status-publish","hentry"],"_links":{"self":[{"href":"https:\/\/olalaseracupuncture.com\/es\/wp-json\/wp\/v2\/pages\/903","targetHints":{"allow":["GET"]}}],"collection":[{"href":"https:\/\/olalaseracupuncture.com\/es\/wp-json\/wp\/v2\/pages"}],"about":[{"href":"https:\/\/olalaseracupuncture.com\/es\/wp-json\/wp\/v2\/types\/page"}],"author":[{"embeddable":true,"href":"https:\/\/olalaseracupuncture.com\/es\/wp-json\/wp\/v2\/users\/1"}],"replies":[{"embeddable":true,"href":"https:\/\/olalaseracupuncture.com\/es\/wp-json\/wp\/v2\/comments?post=903"}],"version-history":[{"count":0,"href":"https:\/\/olalaseracupuncture.com\/es\/wp-json\/wp\/v2\/pages\/903\/revisions"}],"wp:attachment":[{"href":"https:\/\/olalaseracupuncture.com\/es\/wp-json\/wp\/v2\/media?parent=903"}],"curies":[{"name":"wp","href":"https:\/\/api.w.org\/{rel}","templated":true}]}}